{"id":976,"date":"2020-08-05T01:28:31","date_gmt":"2020-08-05T01:28:31","guid":{"rendered":"https:\/\/thebanderasdeliandrestaurant.com\/?post_type=product&#038;p=976"},"modified":"2021-01-14T15:14:21","modified_gmt":"2021-01-14T15:14:21","slug":"jamon-taylor-huevo-y-queso-taylor-ham-egg-and-cheese","status":"publish","type":"product","link":"https:\/\/banderas.digitalsolutioncore.com\/es\/producto\/jamon-taylor-huevo-y-queso-taylor-ham-egg-and-cheese\/","title":{"rendered":"Taylor Ham, Egg and Cheese &#8211; Jam\u00f3n Taylor, Huevo y Queso"},"content":{"rendered":"","protected":false},"excerpt":{"rendered":"<p>Sandwich in Roll or Sub, at the best American Style:Taylor Ham, egg and cheese. &#8211; S\u00e1ndwich en Pan redondo o largo, seg\u00fan sea el gusto, al mejor estilo americano; jam\u00f3n Taylor,huevo y queso.<\/p>","protected":false},"featured_media":1471,"comment_status":"open","ping_status":"closed","template":"","meta":[],"product_brand":[],"product_cat":[74],"product_tag":[],"class_list":{"0":"post-976","1":"product","2":"type-product","3":"status-publish","4":"has-post-thumbnail","6":"product_cat-sandwich","8":"first","9":"instock","10":"taxable","11":"shipping-taxable","12":"purchasable","13":"product-type-variable"},"_links":{"self":[{"href":"https:\/\/banderas.digitalsolutioncore.com\/es\/wp-json\/wp\/v2\/product\/976","targetHints":{"allow":["GET"]}}],"collection":[{"href":"https:\/\/banderas.digitalsolutioncore.com\/es\/wp-json\/wp\/v2\/product"}],"about":[{"href":"https:\/\/banderas.digitalsolutioncore.com\/es\/wp-json\/wp\/v2\/types\/product"}],"replies":[{"embeddable":true,"href":"https:\/\/banderas.digitalsolutioncore.com\/es\/wp-json\/wp\/v2\/comments?post=976"}],"version-history":[{"count":5,"href":"https:\/\/banderas.digitalsolutioncore.com\/es\/wp-json\/wp\/v2\/product\/976\/revisions"}],"predecessor-version":[{"id":1376,"href":"https:\/\/banderas.digitalsolutioncore.com\/es\/wp-json\/wp\/v2\/product\/976\/revisions\/1376"}],"wp:featuredmedia":[{"embeddable":true,"href":"https:\/\/banderas.digitalsolutioncore.com\/es\/wp-json\/wp\/v2\/media\/1471"}],"wp:attachment":[{"href":"https:\/\/banderas.digitalsolutioncore.com\/es\/wp-json\/wp\/v2\/media?parent=976"}],"wp:term":[{"taxonomy":"product_brand","embeddable":true,"href":"https:\/\/banderas.digitalsolutioncore.com\/es\/wp-json\/wp\/v2\/product_brand?post=976"},{"taxonomy":"product_cat","embeddable":true,"href":"https:\/\/banderas.digitalsolutioncore.com\/es\/wp-json\/wp\/v2\/product_cat?post=976"},{"taxonomy":"product_tag","embeddable":true,"href":"https:\/\/banderas.digitalsolutioncore.com\/es\/wp-json\/wp\/v2\/product_tag?post=976"}],"curies":[{"name":"wp","href":"https:\/\/api.w.org\/{rel}","templated":true}]}}