{"id":964,"date":"2020-08-05T01:18:35","date_gmt":"2020-08-05T01:18:35","guid":{"rendered":"https:\/\/thebanderasdeliandrestaurant.com\/?post_type=product&#038;p=964"},"modified":"2021-01-14T15:14:51","modified_gmt":"2021-01-14T15:14:51","slug":"jamon-huevo-y-queso-ham-egg-and-cheese","status":"publish","type":"product","link":"https:\/\/banderas.digitalsolutioncore.com\/es\/producto\/jamon-huevo-y-queso-ham-egg-and-cheese\/","title":{"rendered":"Ham, Egg and Cheese &#8211; Jam\u00f3n, Huevo y Queso"},"content":{"rendered":"","protected":false},"excerpt":{"rendered":"<p>Sandwich in Roll or Sub, at the best American Style:Ham, egg and cheese. &#8211; S\u00e1ndwich en Pan redondo o largo, seg\u00fan sea el gusto, al mejor estilo americano; jam\u00f3n, huevo y queso.<\/p>","protected":false},"featured_media":1471,"comment_status":"open","ping_status":"closed","template":"","meta":[],"product_brand":[],"product_cat":[74],"product_tag":[],"class_list":{"0":"post-964","1":"product","2":"type-product","3":"status-publish","4":"has-post-thumbnail","6":"product_cat-sandwich","8":"first","9":"instock","10":"taxable","11":"shipping-taxable","12":"purchasable","13":"product-type-variable"},"_links":{"self":[{"href":"https:\/\/banderas.digitalsolutioncore.com\/es\/wp-json\/wp\/v2\/product\/964","targetHints":{"allow":["GET"]}}],"collection":[{"href":"https:\/\/banderas.digitalsolutioncore.com\/es\/wp-json\/wp\/v2\/product"}],"about":[{"href":"https:\/\/banderas.digitalsolutioncore.com\/es\/wp-json\/wp\/v2\/types\/product"}],"replies":[{"embeddable":true,"href":"https:\/\/banderas.digitalsolutioncore.com\/es\/wp-json\/wp\/v2\/comments?post=964"}],"version-history":[{"count":2,"href":"https:\/\/banderas.digitalsolutioncore.com\/es\/wp-json\/wp\/v2\/product\/964\/revisions"}],"predecessor-version":[{"id":1377,"href":"https:\/\/banderas.digitalsolutioncore.com\/es\/wp-json\/wp\/v2\/product\/964\/revisions\/1377"}],"wp:featuredmedia":[{"embeddable":true,"href":"https:\/\/banderas.digitalsolutioncore.com\/es\/wp-json\/wp\/v2\/media\/1471"}],"wp:attachment":[{"href":"https:\/\/banderas.digitalsolutioncore.com\/es\/wp-json\/wp\/v2\/media?parent=964"}],"wp:term":[{"taxonomy":"product_brand","embeddable":true,"href":"https:\/\/banderas.digitalsolutioncore.com\/es\/wp-json\/wp\/v2\/product_brand?post=964"},{"taxonomy":"product_cat","embeddable":true,"href":"https:\/\/banderas.digitalsolutioncore.com\/es\/wp-json\/wp\/v2\/product_cat?post=964"},{"taxonomy":"product_tag","embeddable":true,"href":"https:\/\/banderas.digitalsolutioncore.com\/es\/wp-json\/wp\/v2\/product_tag?post=964"}],"curies":[{"name":"wp","href":"https:\/\/api.w.org\/{rel}","templated":true}]}}