{"id":883,"date":"2020-08-04T22:32:48","date_gmt":"2020-08-04T22:32:48","guid":{"rendered":"https:\/\/thebanderasdeliandrestaurant.com\/?post_type=product&#038;p=883"},"modified":"2021-01-14T15:40:11","modified_gmt":"2021-01-14T15:40:11","slug":"atun-tuna-salad","status":"publish","type":"product","link":"https:\/\/banderas.digitalsolutioncore.com\/es\/producto\/atun-tuna-salad\/","title":{"rendered":"Atun \/ Tuna Salad"},"content":{"rendered":"","protected":false},"excerpt":{"rendered":"<p>S\u00e1ndwich en pan largo fr\u00edo con at\u00fan y mayonesa,lechuga,tomate y cebolla. \/ Tuna salad, lettuce, tomato, onion<\/p>","protected":false},"featured_media":1048,"comment_status":"open","ping_status":"closed","template":"","meta":[],"product_brand":[],"product_cat":[37],"product_tag":[],"class_list":{"0":"post-883","1":"product","2":"type-product","3":"status-publish","4":"has-post-thumbnail","6":"product_cat-sandwiches","8":"first","9":"instock","10":"taxable","11":"shipping-taxable","12":"purchasable","13":"product-type-variable"},"_links":{"self":[{"href":"https:\/\/banderas.digitalsolutioncore.com\/es\/wp-json\/wp\/v2\/product\/883","targetHints":{"allow":["GET"]}}],"collection":[{"href":"https:\/\/banderas.digitalsolutioncore.com\/es\/wp-json\/wp\/v2\/product"}],"about":[{"href":"https:\/\/banderas.digitalsolutioncore.com\/es\/wp-json\/wp\/v2\/types\/product"}],"replies":[{"embeddable":true,"href":"https:\/\/banderas.digitalsolutioncore.com\/es\/wp-json\/wp\/v2\/comments?post=883"}],"version-history":[{"count":1,"href":"https:\/\/banderas.digitalsolutioncore.com\/es\/wp-json\/wp\/v2\/product\/883\/revisions"}],"predecessor-version":[{"id":886,"href":"https:\/\/banderas.digitalsolutioncore.com\/es\/wp-json\/wp\/v2\/product\/883\/revisions\/886"}],"wp:featuredmedia":[{"embeddable":true,"href":"https:\/\/banderas.digitalsolutioncore.com\/es\/wp-json\/wp\/v2\/media\/1048"}],"wp:attachment":[{"href":"https:\/\/banderas.digitalsolutioncore.com\/es\/wp-json\/wp\/v2\/media?parent=883"}],"wp:term":[{"taxonomy":"product_brand","embeddable":true,"href":"https:\/\/banderas.digitalsolutioncore.com\/es\/wp-json\/wp\/v2\/product_brand?post=883"},{"taxonomy":"product_cat","embeddable":true,"href":"https:\/\/banderas.digitalsolutioncore.com\/es\/wp-json\/wp\/v2\/product_cat?post=883"},{"taxonomy":"product_tag","embeddable":true,"href":"https:\/\/banderas.digitalsolutioncore.com\/es\/wp-json\/wp\/v2\/product_tag?post=883"}],"curies":[{"name":"wp","href":"https:\/\/api.w.org\/{rel}","templated":true}]}}