{"id":832,"date":"2020-08-04T01:52:10","date_gmt":"2020-08-04T01:52:10","guid":{"rendered":"https:\/\/thebanderasdeliandrestaurant.com\/?post_type=product&#038;p=832"},"modified":"2021-01-14T15:21:48","modified_gmt":"2021-01-14T15:21:48","slug":"chifrijo","status":"publish","type":"product","link":"https:\/\/banderas.digitalsolutioncore.com\/es\/producto\/chifrijo\/","title":{"rendered":"Chifrijo"},"content":{"rendered":"","protected":false},"excerpt":{"rendered":"<p>Plato t\u00edpico de costa rica que mezcla los sabores del arroz con el fr\u00edjol rojo,chicharr\u00f3n, chimichurri (pico de gallo) y tortillas fritas alrededor,hacen de este plato una experiencia \u00fanica cultural. \/ Rice and red beans mixed, with fried pork, avocado, pico de gallo with chips<\/p>","protected":false},"featured_media":1039,"comment_status":"open","ping_status":"closed","template":"","meta":[],"product_brand":[],"product_cat":[43],"product_tag":[],"class_list":{"0":"post-832","1":"product","2":"type-product","3":"status-publish","4":"has-post-thumbnail","6":"product_cat-costa-rican-dishes","8":"first","9":"instock","10":"taxable","11":"shipping-taxable","12":"purchasable","13":"product-type-simple"},"_links":{"self":[{"href":"https:\/\/banderas.digitalsolutioncore.com\/es\/wp-json\/wp\/v2\/product\/832","targetHints":{"allow":["GET"]}}],"collection":[{"href":"https:\/\/banderas.digitalsolutioncore.com\/es\/wp-json\/wp\/v2\/product"}],"about":[{"href":"https:\/\/banderas.digitalsolutioncore.com\/es\/wp-json\/wp\/v2\/types\/product"}],"replies":[{"embeddable":true,"href":"https:\/\/banderas.digitalsolutioncore.com\/es\/wp-json\/wp\/v2\/comments?post=832"}],"version-history":[{"count":2,"href":"https:\/\/banderas.digitalsolutioncore.com\/es\/wp-json\/wp\/v2\/product\/832\/revisions"}],"predecessor-version":[{"id":843,"href":"https:\/\/banderas.digitalsolutioncore.com\/es\/wp-json\/wp\/v2\/product\/832\/revisions\/843"}],"wp:featuredmedia":[{"embeddable":true,"href":"https:\/\/banderas.digitalsolutioncore.com\/es\/wp-json\/wp\/v2\/media\/1039"}],"wp:attachment":[{"href":"https:\/\/banderas.digitalsolutioncore.com\/es\/wp-json\/wp\/v2\/media?parent=832"}],"wp:term":[{"taxonomy":"product_brand","embeddable":true,"href":"https:\/\/banderas.digitalsolutioncore.com\/es\/wp-json\/wp\/v2\/product_brand?post=832"},{"taxonomy":"product_cat","embeddable":true,"href":"https:\/\/banderas.digitalsolutioncore.com\/es\/wp-json\/wp\/v2\/product_cat?post=832"},{"taxonomy":"product_tag","embeddable":true,"href":"https:\/\/banderas.digitalsolutioncore.com\/es\/wp-json\/wp\/v2\/product_tag?post=832"}],"curies":[{"name":"wp","href":"https:\/\/api.w.org\/{rel}","templated":true}]}}