{"id":1090,"date":"2020-09-10T19:33:38","date_gmt":"2020-09-10T19:33:38","guid":{"rendered":"https:\/\/thebanderasdeliandrestaurant.com\/?post_type=product&#038;p=1090"},"modified":"2021-01-13T20:56:53","modified_gmt":"2021-01-13T20:56:53","slug":"pinto-con-huevos-salchichon-y-jamon-pinto-with-eggs-sausage-and-ham","status":"publish","type":"product","link":"https:\/\/banderas.digitalsolutioncore.com\/es\/producto\/pinto-con-huevos-salchichon-y-jamon-pinto-with-eggs-sausage-and-ham\/","title":{"rendered":"Pinto With Eggs Sausage Ham and Avocado &#8211; Pinto con huevos salchich\u00f3n Jam\u00f3n y Aguacate"},"content":{"rendered":"","protected":false},"excerpt":{"rendered":"<p>Pinto con huevos salchich\u00f3n Jam\u00f3n y Aguacate \/ Pinto with eggs sausage ham and avocado<\/p>","protected":false},"featured_media":1081,"comment_status":"open","ping_status":"closed","template":"","meta":[],"product_brand":[],"product_cat":[77],"product_tag":[],"class_list":{"0":"post-1090","1":"product","2":"type-product","3":"status-publish","4":"has-post-thumbnail","6":"product_cat-costa_rica_breakfast","8":"first","9":"instock","10":"taxable","11":"shipping-taxable","12":"purchasable","13":"product-type-simple"},"_links":{"self":[{"href":"https:\/\/banderas.digitalsolutioncore.com\/es\/wp-json\/wp\/v2\/product\/1090","targetHints":{"allow":["GET"]}}],"collection":[{"href":"https:\/\/banderas.digitalsolutioncore.com\/es\/wp-json\/wp\/v2\/product"}],"about":[{"href":"https:\/\/banderas.digitalsolutioncore.com\/es\/wp-json\/wp\/v2\/types\/product"}],"replies":[{"embeddable":true,"href":"https:\/\/banderas.digitalsolutioncore.com\/es\/wp-json\/wp\/v2\/comments?post=1090"}],"version-history":[{"count":6,"href":"https:\/\/banderas.digitalsolutioncore.com\/es\/wp-json\/wp\/v2\/product\/1090\/revisions"}],"predecessor-version":[{"id":1455,"href":"https:\/\/banderas.digitalsolutioncore.com\/es\/wp-json\/wp\/v2\/product\/1090\/revisions\/1455"}],"wp:featuredmedia":[{"embeddable":true,"href":"https:\/\/banderas.digitalsolutioncore.com\/es\/wp-json\/wp\/v2\/media\/1081"}],"wp:attachment":[{"href":"https:\/\/banderas.digitalsolutioncore.com\/es\/wp-json\/wp\/v2\/media?parent=1090"}],"wp:term":[{"taxonomy":"product_brand","embeddable":true,"href":"https:\/\/banderas.digitalsolutioncore.com\/es\/wp-json\/wp\/v2\/product_brand?post=1090"},{"taxonomy":"product_cat","embeddable":true,"href":"https:\/\/banderas.digitalsolutioncore.com\/es\/wp-json\/wp\/v2\/product_cat?post=1090"},{"taxonomy":"product_tag","embeddable":true,"href":"https:\/\/banderas.digitalsolutioncore.com\/es\/wp-json\/wp\/v2\/product_tag?post=1090"}],"curies":[{"name":"wp","href":"https:\/\/api.w.org\/{rel}","templated":true}]}}